{"id":1443,"date":"2024-12-05T14:29:32","date_gmt":"2024-12-05T14:29:32","guid":{"rendered":"https:\/\/bonjouramsterdam.fr\/?page_id=1443"},"modified":"2025-06-26T10:36:09","modified_gmt":"2025-06-26T10:36:09","slug":"excursion-zaanse-schans-queseria-volendam-marken","status":"publish","type":"page","link":"https:\/\/bonjouramsterdam.fr\/es\/excursion-zaanse-schans-queseria-volendam-marken\/","title":{"rendered":"<p style=\"color:#FF0000\"><font size=\"6\"> -&gt; 20% descuento s\u00f3lo aqu\u00ed. Al cerrar esta p\u00e1gina, ya no tendr\u00e1 derecho a este descuento.<\/font><\/p>"},"content":{"rendered":"<p><center><\/p>\n<h2><strong>Esta es la excursi\u00f3n que recomiendo a TODOS...<br \/>\nY quiz\u00e1s el d\u00eda m\u00e1s HERMOSO de tu vida.<\/strong><\/h2>\n<p><\/center><br \/>\n(o al menos uno de los recuerdos m\u00e1s bonitos de tu vida...)<\/p>\n<p>El objetivo es garantizarle un <strong>d\u00eda de ensue\u00f1o<\/strong>.<br \/>\nDescubrir todo lo que hay que saber <strong>las m\u00e1s bellas, las m\u00e1s t\u00edpicas y las m\u00e1s aut\u00e9nticas<\/strong> por \u00c1msterdam con un gu\u00eda franc\u00f3fono<\/p>\n<p><img decoding=\"async\" src=\"https:\/\/bonjouramsterdam.fr\/wp-content\/uploads\/2024\/12\/montage-excursion-Zaanse-Schans-Fromagerie-Volendam-et-Marken.jpg\" alt=\"Excursi\u00f3n a \u00c1msterdam\" width=\"1024\" height=\"576\" class=\"alignnone size-full wp-image-1441\" \/><br \/>\n<img decoding=\"async\" class=\"img-full\" title=\"visto en\" src=\"https:\/\/bonjourlisbonne.fr\/wp-content\/uploads\/2017\/09\/banniere_logos_soccial.png\" alt=\"visto en\" \/><\/p>\n<h3><strong>\u00bfPor qu\u00e9 no deber\u00eda perderse esta excursi\u00f3n en franc\u00e9s?<\/strong><\/h3>\n<p>Este recorrido combina <strong>magn\u00edficos paisajes, rica historia y aut\u00e9nticas tradiciones<\/strong>una experiencia que no debe perderse.<\/p>\n<p><strong>Porque est\u00e1s a punto de descubrirlo: <\/strong><br \/>\n- el Zaanse Schans: paseo por el <strong>museo al aire libre con molinos de colores, casas hist\u00f3ricas y talleres artesanales<\/strong>. Un viaje al pasado para descubrir c\u00f3mo prosperaron los Pa\u00edses Bajos durante el Siglo de Oro.<br \/>\n- una queser\u00eda t\u00edpica: descubra<strong>el arte milenario de la queser\u00eda<\/strong>. Deguste quesos cremosos y artesanos, y comprenda por qu\u00e9 el queso holand\u00e9s es famoso en todo el mundo.<br \/>\n- Volendam: disfrute del <strong>encanto de este pueblo pesquero con su pintoresco puerto<\/strong>Le encantar\u00e1n los trajes tradicionales y los platos de pescado fresco. Un lugar ideal para <strong>fotos \u00fanicas y un delicioso almuerzo<\/strong>.<br \/>\n- Marken: visite esta p\u00e1gina <strong>id\u00edlica pen\u00ednsula con sus casas de madera<\/strong> sobre pilotes y sus estrechas calles. Retroceda en el tiempo en este tranquilo pueblo hist\u00f3rico.<\/p>\n<p><center><\/p>\n<h3><strong>\u00bfY si crees que exagero y que todo parece demasiado bueno para ser verdad?<\/strong><\/h3>\n<p><\/center><br \/>\nAqu\u00ed tienes algunos comentarios de viajeros que tambi\u00e9n se deshacen en elogios \ud83d\ude42 .<\/p>\n<blockquote><p>\nQu\u00e9 magn\u00edfico recorrido por \u00c1msterdam en un entorno encantador. Un verdadero cambio de aires. Recomiendo encarecidamente a Ren\u00e9, un gu\u00eda muy simp\u00e1tico con un perfecto dominio de la materia y un franc\u00e9s impecable. \u00a1Muchas gracias!<\/p>\n<p style=\"text-align: right;\">Sophie<\/p>\n<p>Un maravilloso descubrimiento de la Holanda t\u00edpica gracias a Ren\u00e9. Fue fascinante compartir los conocimientos y la perspectiva de un lugare\u00f1o... \u00a1que, adem\u00e1s, habla un franc\u00e9s excelente!<\/p>\n<p style=\"text-align: right;\">Aur\u00e9lie<\/p>\n<p>Ren\u00e9, nuestro gu\u00eda, nos ense\u00f1\u00f3 los encantadores pueblecitos de los alrededores de \u00c1msterdam y el magn\u00edfico parque Keukenhof. Supo adaptarse a nuestras peticiones familiares. Un gu\u00eda realmente agradable, siempre dispuesto a responder a nuestras numerosas preguntas. Nosotros, que no nos sentimos muy c\u00f3modos con los idiomas, apreciamos especialmente poder charlar en franc\u00e9s y descubrir an\u00e9cdotas y aspectos de la vida local. Toda una experiencia.<\/p>\n<p style=\"text-align: right;\">Nicolas<\/p>\n<p>Una visita a los lugares muy gratificante, con un gu\u00eda competente que hablaba un franc\u00e9s impecable. Un peque\u00f1o apunte: el ritmo fue un poco r\u00e1pido, aunque se respetaron los tiempos previstos. No obstante, una gran experiencia. Muchas gracias de nuevo.<\/p>\n<p style=\"text-align: right;\">Emma<\/p>\n<p>Muchas gracias a Ren\u00e9 por un d\u00eda maravilloso y por todas sus fascinantes explicaciones.<\/p>\n<p style=\"text-align: right;\">Julie<\/p>\n<p>Pasamos unos d\u00edas excepcionales. Estos peque\u00f1os pueblos son realmente encantadores, y nos encant\u00f3 la visita a la queser\u00eda. Un equipo realmente acogedor. Muchas gracias a Ren\u00e9, nuestro gu\u00eda, por sus ricos y detallados comentarios.<\/p>\n<p style=\"text-align: right;\">Mathilde<\/p>\n<p>Con su esp\u00edritu inquisitivo e independiente, Ren\u00e9 nos hizo pasar un d\u00eda inolvidable. Comparti\u00f3 con nosotros su amor por su pa\u00eds y sus vastos conocimientos. La calidad de sus intercambios con nosotros hizo que la experiencia fuera \u00fanica, incluso en un entorno tur\u00edstico.<\/p>\n<p style=\"text-align: right;\">Paul &amp; \u00c9lise<\/p>\n<p>Ren\u00e9 nos acompa\u00f1\u00f3 a mi hijo de 11 a\u00f1os y a m\u00ed a la regi\u00f3n al norte de \u00c1msterdam para explorar los molinos de viento, los p\u00f3lderes y los pueblecitos ribere\u00f1os. Gracias a sus explicaciones, descubrimos multitud de an\u00e9cdotas fascinantes. Ren\u00e9 es un gu\u00eda encantador y erudito que habla un franc\u00e9s excelente. Nos llev\u00f3 en coche y compartimos un almuerzo local en Volendam. Fue una forma ideal de sumergirse en la regi\u00f3n y admirar sus magn\u00edficos paisajes. Lo recomiendo sin ninguna duda. En nuestra pr\u00f3xima visita, estaremos encantados de descubrir otras partes de \u00c1msterdam con este gu\u00eda tan agradable.<\/p>\n<p style=\"text-align: right;\">Claire<\/p>\n<p>Nos encant\u00f3 nuestro d\u00eda con Ren\u00e9. Conoce Holanda a la perfecci\u00f3n y fue capaz de satisfacer todas nuestras expectativas. Adem\u00e1s, habla un franc\u00e9s impecable. No podr\u00edamos haber pedido un gu\u00eda mejor. Gracias, Ren\u00e9, eres realmente genial. Sin duda, \u00a1recomendar\u00edamos este tour!<\/p>\n<p style=\"text-align: right;\">Elisa<\/p>\n<\/blockquote>\n<p>\u00bfSeguro?<br \/>\n<strong>No hay costes \"ocultos\".<\/strong><br \/>\nTodo el transporte est\u00e1 incluido, as\u00ed como la entrada a los distintos lugares y degustaciones.<\/p>\n<p><strong>Y el gu\u00eda que le acompa\u00f1ar\u00e1 todo el d\u00eda habla un franc\u00e9s perfecto.<\/strong><br \/>\n\u00c9l estar\u00e1 all\u00ed para hacer el d\u00eda a\u00fan m\u00e1s interesante compartiendo sus historias y an\u00e9cdotas.<br \/>\nY estar\u00e1 encantado de responder a todas sus preguntas (no s\u00f3lo sobre la excursi\u00f3n en s\u00ed, sino tambi\u00e9n para ayudarle y aconsejarle sobre el resto de su estancia en \u00c1msterdam).<\/p>\n<h2><strong>Itinerario<\/strong><\/h2>\n<p>Este es el itinerario de la excursi\u00f3n propuesta. Ocasionalmente, puede sufrir ligeras modificaciones, con el fin de ofrecerle el mejor servicio posible. <strong>la mejor experiencia posible<\/strong> !<\/p>\n<p>1) <strong>Zaanse Schans<\/strong> Stroopwafel: Admire los emblem\u00e1ticos molinos de viento, visite un taller de fabricaci\u00f3n de zuecos y deguste especialidades locales como los stroopwafels.<\/p>\n<p>2) <strong>Fromagerie<\/strong> Descubra c\u00f3mo se elabora el queso artesano y disfrute de una degustaci\u00f3n.<\/p>\n<p>3) <strong>Volendam<\/strong> Explore el animado paseo mar\u00edtimo, h\u00e1gase una foto con el traje tradicional y emp\u00e1pese del aut\u00e9ntico ambiente de un pueblo pesquero.<\/p>\n<p>4) <strong>Marken<\/strong> El d\u00eda termina con un paseo por este encantador pueblo, admirando su arquitectura \u00fanica y su apacible paisaje.<\/p>\n<p>Esta excursi\u00f3n es muy <strong>completa<\/strong>. <\/p>\n<p>Har\u00e1, ver\u00e1, descubrir\u00e1 y saborear\u00e1 un sinf\u00edn de cosas que har\u00e1n de este acontecimiento un aut\u00e9ntico placer. <strong>d\u00eda incre\u00edble<\/strong>.<\/p>\n<h3><strong> \u00bfC\u00f3mo podemos ofrecerle una visita personalizada de \u00c1msterdam como un aut\u00e9ntico holand\u00e9s? <\/strong><\/h3>\n<p><strong>He aqu\u00ed algunos datos y cifras importantes sobre nosotros:<\/strong><\/p>\n<ul>\n<li>La p\u00e1gina web de Bonjour \u00c1msterdam se cre\u00f3 en 2019 y se ha convertido en el <strong>referencia<\/strong> en Internet para los viajeros franc\u00f3fonos que visitan \u00c1msterdam<\/li>\n<li>Hemos apoyado a casi <strong>3.000 pasajeros<\/strong> que nos hizo <strong>conf\u00ede en<\/strong> que han reservado un <strong>visita guiada o excursi\u00f3n personalizada con nosotros<\/strong><\/li>\n<li>El sitio web de Bonjour Amsterdam es visitado por m\u00e1s de <strong>500.000 pasajeros<\/strong> cada a\u00f1o<\/li>\n<li>Somos un equipo de 7 personas a su servicio para ayudarle a descubrir \u00c1msterdam como un holand\u00e9s.<\/li>\n<li>El sitio web de Bonjour Amsterdam <strong>recomendado por la Guide du Routard<\/strong><\/li>\n<\/ul>\n<p><img decoding=\"async\" src=\"https:\/\/bonjouramsterdam.fr\/wp-content\/uploads\/2024\/01\/logo-recommandation-routard.png\" alt=\"logotipo de recomendaci\u00f3n de routard\" width=\"300\" height=\"170\" class=\"aligncenter size-medium wp-image-1937\" \/><\/p>\n<h3><strong>Garant\u00eda \u00daNICA<\/strong><\/h3>\n<p>Si no disfrut\u00f3 de su excursi\u00f3n, simplemente no pague y nos comprometemos a darle 50 euros para compensarle por el \"tiempo perdido\" (<strong>garant\u00eda v\u00e1lida \u00fanicamente<\/strong> si ha realizado toda la excursi\u00f3n y ha explicado a su gu\u00eda lo que no le ha gustado y por qu\u00e9 le ha decepcionado).<\/p>\n<p>As\u00ed que no tienes <strong>ning\u00fan riesgo<\/strong> Reserve una excursi\u00f3n con nosotros y seguro que se lo pasa en grande.<\/p>\n<p>&nbsp;<\/p>\n<h2><strong>Informaci\u00f3n pr\u00e1ctica: (descuento excepcional de 20%)<\/strong><\/h2>\n<p><strong>Duraci\u00f3n<\/strong>La visita comienza a las 10.00 h y finaliza sobre las 15.30 h.<br \/>\n<strong>En privado<\/strong>Se trata de una visita privada, con un gu\u00eda s\u00f3lo para usted.<br \/>\n<strong>Idioma<\/strong>La excursi\u00f3n va acompa\u00f1ada de un gu\u00eda franc\u00f3fono para facilitar la comunicaci\u00f3n y garantizar la mejor experiencia posible.<\/p>\n<h4><strong>Reserve ya su inolvidable excursi\u00f3n:<\/strong><\/h4>\n<p><strong>S\u00f3lo se paga una vez finalizado el recorrido.<\/strong><br \/>\n1-2 personas: 370\u20ac (en lugar de <del datetime=\"2019-01-29T15:27:08+00:00\">465<\/del>normalmente)<br \/>\n3 personas: 395 euros (en lugar de <del datetime=\"2019-01-29T15:27:08+00:00\">495<\/del>normalmente)<br \/>\n4 personas: 420 euros (en lugar de <del datetime=\"2019-01-29T15:27:08+00:00\">525<\/del>normalmente)<br \/>\n(no aceptamos m\u00e1s de 4 personas)<\/p>\n<p><strong>Ejemplo<\/strong>Si sois 2 personas, el precio total es de s\u00f3lo 370 euros.<\/p>\n<p><strong>Recordatorio<\/strong>: la excursi\u00f3n est\u00e1 bien <strong>privado<\/strong>No le acompa\u00f1ar\u00e1 ninguna otra persona. Tendr\u00e1s un gu\u00eda durante toda la excursi\u00f3n, solo para ti.<\/p>\n<p><strong>Despu\u00e9s de rellenar el formulario<\/strong>.<\/p>\n<p>Nos pondremos en contacto con usted por correo electr\u00f3nico lo antes posible (a menudo en 24 horas).<\/p>\n<p>Para confirmar su excursi\u00f3n.<\/p>\n<p><strong>Rellene el siguiente formulario para reservar una excursi\u00f3n inolvidable por \u00c1msterdam:<\/strong><\/p>\n<div data-tf-live=\"01JM72PT3XM7WPV70PEMDYYYRA\"><\/div>\n<p><script src=\"\/\/embed.typeform.com\/next\/embed.js\"><\/script><\/p>\n<p>\u00bfTiene alguna pregunta?<br \/>\nPuedes preguntar a Marie (marie.bonjouramsterdam@gmail.com). Se pondr\u00e1 en contacto contigo lo antes posible.<br \/>\nO ll\u00e1mele directamente al +351 911 747 178.<\/p>","protected":false},"excerpt":{"rendered":"<p>Esta es la excursi\u00f3n que recomiendo a TODOS... \u00a1Y podr\u00eda ser el d\u00eda m\u00e1s HERMOSO de tu vida! (o al menos uno de los mejores recuerdos de tu vida, seguro...) El objetivo es que te lo pases como nunca. \u00a1Descubrir lo mejor de todo!<\/p>","protected":false},"author":9,"featured_media":1445,"parent":0,"menu_order":0,"comment_status":"closed","ping_status":"closed","template":"page_landing.php","meta":{"om_disable_all_campaigns":false,"_genesis_hide_title":false,"_genesis_hide_breadcrumbs":false,"_genesis_hide_singular_image":false,"_genesis_hide_footer_widgets":false,"_genesis_custom_body_class":"","_genesis_custom_post_class":"","_genesis_layout":"","footnotes":""},"class_list":{"0":"post-1443","1":"page","2":"type-page","3":"status-publish","4":"has-post-thumbnail","6":"entry"},"yoast_head":"<!-- This site is optimized with the Yoast SEO plugin v26.6 - https:\/\/yoast.com\/wordpress\/plugins\/seo\/ -->\n<title>\u2013&gt; 20% de r\u00e9duction ici seulement. En refermant cette page, vous n\u2019aurez plus droit \u00e0 cette r\u00e9duction!<\/title>\n<meta name=\"robots\" content=\"index, follow, max-snippet:-1, max-image-preview:large, max-video-preview:-1\" \/>\n<link rel=\"canonical\" href=\"https:\/\/bonjouramsterdam.fr\/es\/excursion-zaanse-schans-queseria-volendam-marken\/\" \/>\n<meta property=\"og:locale\" content=\"es_ES\" \/>\n<meta property=\"og:type\" content=\"article\" \/>\n<meta property=\"og:title\" content=\"\u2013&gt; 20% de r\u00e9duction ici seulement. En refermant cette page, vous n\u2019aurez plus droit \u00e0 cette r\u00e9duction!\" \/>\n<meta property=\"og:description\" content=\"Voici l&rsquo;excursion que je recommande \u00e0 TOUT LE MONDE&#8230; Et qui sera peut-\u00eatre le plus BEAU jour de votre vie ! (ou en tout cas un des plus beaux souvenirs de votre vie \u00e0 coup s\u00fbr&#8230;) Le but \u00e9tant que vous passiez une journ\u00e9e de r\u00eave. \u00c0 d\u00e9couvrir tout ce qu&rsquo;il y a de plus [&hellip;]\" \/>\n<meta property=\"og:url\" content=\"https:\/\/bonjouramsterdam.fr\/es\/excursion-zaanse-schans-queseria-volendam-marken\/\" \/>\n<meta property=\"og:site_name\" content=\"Bonjour Amsterdam\" \/>\n<meta property=\"article:modified_time\" content=\"2025-06-26T10:36:09+00:00\" \/>\n<meta property=\"og:image\" content=\"https:\/\/bonjouramsterdam.fr\/wp-content\/uploads\/2024\/12\/montage-excursion-Zaanse-Schans-Fromagerie-Volendam-et-Marken.jpg\" \/>\n\t<meta property=\"og:image:width\" content=\"1800\" \/>\n\t<meta property=\"og:image:height\" content=\"1440\" \/>\n\t<meta property=\"og:image:type\" content=\"image\/jpeg\" \/>\n<meta name=\"twitter:card\" content=\"summary_large_image\" \/>\n<meta name=\"twitter:label1\" content=\"Est. reading time\" \/>\n\t<meta name=\"twitter:data1\" content=\"6 minutos\" \/>\n<script type=\"application\/ld+json\" class=\"yoast-schema-graph\">{\"@context\":\"https:\/\/schema.org\",\"@graph\":[{\"@type\":\"WebPage\",\"@id\":\"https:\/\/bonjouramsterdam.fr\/excursion-zaanse-schans-fromagerie-volendam-marken\/\",\"url\":\"https:\/\/bonjouramsterdam.fr\/excursion-zaanse-schans-fromagerie-volendam-marken\/\",\"name\":\"\u2013> 20% de r\u00e9duction ici seulement. En refermant cette page, vous n\u2019aurez plus droit \u00e0 cette r\u00e9duction!\",\"isPartOf\":{\"@id\":\"https:\/\/bonjouramsterdam.fr\/#website\"},\"primaryImageOfPage\":{\"@id\":\"https:\/\/bonjouramsterdam.fr\/excursion-zaanse-schans-fromagerie-volendam-marken\/#primaryimage\"},\"image\":{\"@id\":\"https:\/\/bonjouramsterdam.fr\/excursion-zaanse-schans-fromagerie-volendam-marken\/#primaryimage\"},\"thumbnailUrl\":\"https:\/\/bonjouramsterdam.fr\/wp-content\/uploads\/2024\/12\/montage-excursion-Zaanse-Schans-Fromagerie-Volendam-et-Marken.jpg\",\"datePublished\":\"2024-12-05T14:29:32+00:00\",\"dateModified\":\"2025-06-26T10:36:09+00:00\",\"breadcrumb\":{\"@id\":\"https:\/\/bonjouramsterdam.fr\/excursion-zaanse-schans-fromagerie-volendam-marken\/#breadcrumb\"},\"inLanguage\":\"es\",\"potentialAction\":[{\"@type\":\"ReadAction\",\"target\":[\"https:\/\/bonjouramsterdam.fr\/excursion-zaanse-schans-fromagerie-volendam-marken\/\"]}]},{\"@type\":\"ImageObject\",\"inLanguage\":\"es\",\"@id\":\"https:\/\/bonjouramsterdam.fr\/excursion-zaanse-schans-fromagerie-volendam-marken\/#primaryimage\",\"url\":\"https:\/\/bonjouramsterdam.fr\/wp-content\/uploads\/2024\/12\/montage-excursion-Zaanse-Schans-Fromagerie-Volendam-et-Marken.jpg\",\"contentUrl\":\"https:\/\/bonjouramsterdam.fr\/wp-content\/uploads\/2024\/12\/montage-excursion-Zaanse-Schans-Fromagerie-Volendam-et-Marken.jpg\",\"width\":1800,\"height\":1440,\"caption\":\"montage excursion Zaanse Schans, une Fromagerie, Volendam et Marken\"},{\"@type\":\"BreadcrumbList\",\"@id\":\"https:\/\/bonjouramsterdam.fr\/excursion-zaanse-schans-fromagerie-volendam-marken\/#breadcrumb\",\"itemListElement\":[{\"@type\":\"ListItem\",\"position\":1,\"name\":\"Accueil\",\"item\":\"https:\/\/bonjouramsterdam.fr\/\"},{\"@type\":\"ListItem\",\"position\":2,\"name\":\"\u2013> 20% de r\u00e9duction ici seulement. En refermant cette page, vous n\u2019aurez plus droit \u00e0 cette r\u00e9duction!\"}]},{\"@type\":\"WebSite\",\"@id\":\"https:\/\/bonjouramsterdam.fr\/#website\",\"url\":\"https:\/\/bonjouramsterdam.fr\/\",\"name\":\"Bonjour Amsterdam\",\"description\":\"Tout pour passer un s\u00e9jour inoubliable en 2026 !\",\"potentialAction\":[{\"@type\":\"SearchAction\",\"target\":{\"@type\":\"EntryPoint\",\"urlTemplate\":\"https:\/\/bonjouramsterdam.fr\/?s={search_term_string}\"},\"query-input\":{\"@type\":\"PropertyValueSpecification\",\"valueRequired\":true,\"valueName\":\"search_term_string\"}}],\"inLanguage\":\"es\"}]}<\/script>\n<!-- \/ Yoast SEO plugin. -->","yoast_head_json":{"title":"-&gt; 20% descuento s\u00f3lo aqu\u00ed. Al cerrar esta p\u00e1gina, ya no tendr\u00e1 derecho a este descuento.","robots":{"index":"index","follow":"follow","max-snippet":"max-snippet:-1","max-image-preview":"max-image-preview:large","max-video-preview":"max-video-preview:-1"},"canonical":"https:\/\/bonjouramsterdam.fr\/es\/excursion-zaanse-schans-queseria-volendam-marken\/","og_locale":"es_ES","og_type":"article","og_title":"\u2013> 20% de r\u00e9duction ici seulement. En refermant cette page, vous n\u2019aurez plus droit \u00e0 cette r\u00e9duction!","og_description":"Voici l&rsquo;excursion que je recommande \u00e0 TOUT LE MONDE&#8230; Et qui sera peut-\u00eatre le plus BEAU jour de votre vie ! (ou en tout cas un des plus beaux souvenirs de votre vie \u00e0 coup s\u00fbr&#8230;) Le but \u00e9tant que vous passiez une journ\u00e9e de r\u00eave. \u00c0 d\u00e9couvrir tout ce qu&rsquo;il y a de plus [&hellip;]","og_url":"https:\/\/bonjouramsterdam.fr\/es\/excursion-zaanse-schans-queseria-volendam-marken\/","og_site_name":"Bonjour Amsterdam","article_modified_time":"2025-06-26T10:36:09+00:00","og_image":[{"width":1800,"height":1440,"url":"https:\/\/bonjouramsterdam.fr\/wp-content\/uploads\/2024\/12\/montage-excursion-Zaanse-Schans-Fromagerie-Volendam-et-Marken.jpg","type":"image\/jpeg"}],"twitter_card":"summary_large_image","twitter_misc":{"Est. reading time":"6 minutos"},"schema":{"@context":"https:\/\/schema.org","@graph":[{"@type":"WebPage","@id":"https:\/\/bonjouramsterdam.fr\/excursion-zaanse-schans-fromagerie-volendam-marken\/","url":"https:\/\/bonjouramsterdam.fr\/excursion-zaanse-schans-fromagerie-volendam-marken\/","name":"-&gt; 20% descuento s\u00f3lo aqu\u00ed. Al cerrar esta p\u00e1gina, ya no tendr\u00e1 derecho a este descuento.","isPartOf":{"@id":"https:\/\/bonjouramsterdam.fr\/#website"},"primaryImageOfPage":{"@id":"https:\/\/bonjouramsterdam.fr\/excursion-zaanse-schans-fromagerie-volendam-marken\/#primaryimage"},"image":{"@id":"https:\/\/bonjouramsterdam.fr\/excursion-zaanse-schans-fromagerie-volendam-marken\/#primaryimage"},"thumbnailUrl":"https:\/\/bonjouramsterdam.fr\/wp-content\/uploads\/2024\/12\/montage-excursion-Zaanse-Schans-Fromagerie-Volendam-et-Marken.jpg","datePublished":"2024-12-05T14:29:32+00:00","dateModified":"2025-06-26T10:36:09+00:00","breadcrumb":{"@id":"https:\/\/bonjouramsterdam.fr\/excursion-zaanse-schans-fromagerie-volendam-marken\/#breadcrumb"},"inLanguage":"es","potentialAction":[{"@type":"ReadAction","target":["https:\/\/bonjouramsterdam.fr\/excursion-zaanse-schans-fromagerie-volendam-marken\/"]}]},{"@type":"ImageObject","inLanguage":"es","@id":"https:\/\/bonjouramsterdam.fr\/excursion-zaanse-schans-fromagerie-volendam-marken\/#primaryimage","url":"https:\/\/bonjouramsterdam.fr\/wp-content\/uploads\/2024\/12\/montage-excursion-Zaanse-Schans-Fromagerie-Volendam-et-Marken.jpg","contentUrl":"https:\/\/bonjouramsterdam.fr\/wp-content\/uploads\/2024\/12\/montage-excursion-Zaanse-Schans-Fromagerie-Volendam-et-Marken.jpg","width":1800,"height":1440,"caption":"montage excursion Zaanse Schans, une Fromagerie, Volendam et Marken"},{"@type":"BreadcrumbList","@id":"https:\/\/bonjouramsterdam.fr\/excursion-zaanse-schans-fromagerie-volendam-marken\/#breadcrumb","itemListElement":[{"@type":"ListItem","position":1,"name":"Accueil","item":"https:\/\/bonjouramsterdam.fr\/"},{"@type":"ListItem","position":2,"name":"\u2013> 20% de r\u00e9duction ici seulement. En refermant cette page, vous n\u2019aurez plus droit \u00e0 cette r\u00e9duction!"}]},{"@type":"WebSite","@id":"https:\/\/bonjouramsterdam.fr\/#website","url":"https:\/\/bonjouramsterdam.fr\/","name":"Hola Amsterdam","description":"\u00a1Todo lo necesario para pasar unas vacaciones inolvidables en 2026!","potentialAction":[{"@type":"SearchAction","target":{"@type":"EntryPoint","urlTemplate":"https:\/\/bonjouramsterdam.fr\/?s={search_term_string}"},"query-input":{"@type":"PropertyValueSpecification","valueRequired":true,"valueName":"search_term_string"}}],"inLanguage":"es"}]}},"featured_image_src":"https:\/\/bonjouramsterdam.fr\/wp-content\/uploads\/2024\/12\/montage-excursion-Zaanse-Schans-Fromagerie-Volendam-et-Marken-600x400.jpg","featured_image_src_square":"https:\/\/bonjouramsterdam.fr\/wp-content\/uploads\/2024\/12\/montage-excursion-Zaanse-Schans-Fromagerie-Volendam-et-Marken-600x600.jpg","_links":{"self":[{"href":"https:\/\/bonjouramsterdam.fr\/es\/wp-json\/wp\/v2\/pages\/1443","targetHints":{"allow":["GET"]}}],"collection":[{"href":"https:\/\/bonjouramsterdam.fr\/es\/wp-json\/wp\/v2\/pages"}],"about":[{"href":"https:\/\/bonjouramsterdam.fr\/es\/wp-json\/wp\/v2\/types\/page"}],"author":[{"embeddable":true,"href":"https:\/\/bonjouramsterdam.fr\/es\/wp-json\/wp\/v2\/users\/9"}],"replies":[{"embeddable":true,"href":"https:\/\/bonjouramsterdam.fr\/es\/wp-json\/wp\/v2\/comments?post=1443"}],"version-history":[{"count":0,"href":"https:\/\/bonjouramsterdam.fr\/es\/wp-json\/wp\/v2\/pages\/1443\/revisions"}],"wp:featuredmedia":[{"embeddable":true,"href":"https:\/\/bonjouramsterdam.fr\/es\/wp-json\/wp\/v2\/media\/1445"}],"wp:attachment":[{"href":"https:\/\/bonjouramsterdam.fr\/es\/wp-json\/wp\/v2\/media?parent=1443"}],"curies":[{"name":"wp","href":"https:\/\/api.w.org\/{rel}","templated":true}]}}